{"id":70,"date":"2017-12-02T16:27:06","date_gmt":"2017-12-02T16:27:06","guid":{"rendered":"https:\/\/www.xn--haushaltsauflsungnord-tec.de\/?page_id=8"},"modified":"2021-01-31T19:51:56","modified_gmt":"2021-01-31T19:51:56","slug":"startseite","status":"publish","type":"page","link":"https:\/\/www.xn--beling-entrmpelung-w6b.de\/","title":{"rendered":"Startseite"},"content":{"rendered":"<h1>Beling Haushaltsaufl\u00f6sungen.<\/h1>\n<ul>\n<li>Haushaltsaufl\u00f6sungen<\/li>\n<li>Seniorenumz\u00fcge<\/li>\n<li>Entr\u00fcmpelungen<\/li>\n<li>Sperrm\u00fcll<\/li>\n<li>Endreinigung<\/li>\n<li>Norddeutschland<\/li>\n<li>Hamburg<\/li>\n<li>zum Festpreis<\/li>\n<li>kostenlose Besichtigung<\/li>\n<\/ul>\n<p>Kostenlose Besichtigung, ohne An- und Abfahrtskosten.<\/p>\n<p>Festpreis, der vereinbarte Preis wird garantiert.<\/p>\n<p>Fachgerechte Entsorgung.<\/p>\n<p>Wertanrechnung von ver\u00e4u\u00dferbaren Gegenst\u00e4nden<br \/>\n(z. B. Antikes u. Sammlerst\u00fccke).<\/p>\n<p>F\u00fcr Ihre Fragen stehen wir jederzeit zur Verf\u00fcgung.<\/p>\n<h6>Allerm\u00f6he, Alsterdorf, Altengamme, Altenwerder, Altona-Altstadt, Altona-Nord, Altstadt, Bahrenfeld, Barmbek-Nord, Barmbek-S\u00fcd, Bergedorf, Bergstedt, Billbrook, Billstedt, Billwerder, Blankenese, Borgfelde, Bramfeld, Cranz, Curslack, Dulsberg, Duvenstedt, Eidelstedt, Eilbek, Eimsb\u00fcttel, Ei\u00dfendorf, Eppendorf, Farmsen-Berne, Finkenwerder, Francop, Fuhlsb\u00fcttel, Gro\u00df Borstel, Gro\u00df Flottbek, Gut Moor, Hafencity, Hamm-Mitte, Hamm-Nord, Hamm-S\u00fcd, Hammerbrook, Harburg, Harvestehude, Hausbruch, Heimfeld, HH-Altstadt, Hoheluft-Ost, Hoheluft-West, Hohenfelde, Horn, Hummelsb\u00fctte, lserbrook, Jenfeld, Kirchwerder, Kleiner Grasbrook, Langenbek, Langenhorn, Lemsahl, Lohbr\u00fcgge, Lokstedt, Lurup, Marienthal, Marmstorf, Moorburg, Moorfleet, Neuenfelde, Neuengamme, Neugraben, Neuland, Neustadt, Niendorf, Nienstedten, Ochsenwerder, Ohlsdorf, Osdorf, Othmarschen, Ottensen, Poppenb\u00fcttel, Rahlstedt, Reitbrook, Rissen, R\u00f6nneburg, Rothenburgsort, Rotherbaum, Sasel, Schnelsen, Sinstorf, Spadenland, St. Georg, St. Pauli, Steilshoop, Steinwerder, Stellingen, S\u00fclldorf, Tatenberg, Tonndorf, Uhlenhorst, Veddel, Volksdorf, Waltershof, Wandsbek, Wellingsb\u00fcttel, Wilhelmsburg, Wilstorf, Winterhude, Wohldorf, Ahrensburg, Ammersbek, Asendorf, Aum\u00fchle, Bargfeld, Bargfeld-Stegen, Bargteheide, Barsb\u00fcttel, Bendestorf, B\u00f6nningstedt, B\u00f6rnsen, Borstel-Hohenraden, Brackel, Buchholz i.d.N., Buxtehude, Dassendorf, Delingsdorf, Dibbersen, Ehestorf, Ellerbek, Elmenhorst, Elstorf, Escheburg, Fleestedt, Geesthacht, Glinde, Gr\u00f6nwohld, Gro\u00dfensee, Gro\u00dfhansdorf, Halstenbek, Haseldorf, Hammoor, Haselau, Hasloh, Heist, Hetlingen, Hitfeld, Hoisdorf, Holm, Jersbek, Jesteburg, Kayhude, Kr\u00f6ppelshagen, Kronshorst, Krupunder, Kuddew\u00f6rde, Kummerfeld, Lasbek, L\u00fctjensee, Marxen, Maschen, Meckelfeld, Moorege, Neu Wulmstorf, Neuwiedenthal, Norderstedt, \u00d6tjendorf, Oststeinbek, Pinneberg, Prisdorf, Qiuckborn, Rade, Ramelsloh, Reinbek, Rellingen, Renzel, Rosengarten, Schenefeld, Sch\u00f6nningstedt, Schwarzenbek, Seevetal, Siek, Stapelfeld, Steinburg, Steinfurth, Stellau, Stelle, Stemwarde, Tangstedt-PI \/ SE, Thieshope, Todendorf, T\u00f6tensen, Tornesch, Tremsb\u00fcttel, Trittau, Uetersen, Vaensen, Waldenau, Wedel, Wentorf, Wiemerskamp, Wilstedt, Witzhave, Wohltorf, Wuhlenburg, Ratzeburg, M\u00f6lln.<\/h6>\n","protected":false},"excerpt":{"rendered":"<p>Beling Haushaltsaufl\u00f6sungen. Haushaltsaufl\u00f6sungen Seniorenumz\u00fcge Entr\u00fcmpelungen Sperrm\u00fcll Endreinigung Norddeutschland Hamburg zum Festpreis kostenlose Besichtigung Kostenlose Besichtigung, ohne An- und Abfahrtskosten. Festpreis, der vereinbarte Preis wird garantiert. Fachgerechte Entsorgung. Wertanrechnung von ver\u00e4u\u00dferbaren Gegenst\u00e4nden (z. B. Antikes u. Sammlerst\u00fccke). F\u00fcr Ihre Fragen stehen wir jederzeit zur Verf\u00fcgung. Allerm\u00f6he, Alsterdorf, Altengamme, Altenwerder, Altona-Altstadt, Altona-Nord, Altstadt, Bahrenfeld, Barmbek-Nord, Barmbek-S\u00fcd, Bergedorf, Bergstedt, Billbrook, Billstedt, Billwerder, Blankenese,<\/p>\n<p><a class=\"more-link\" href=\"https:\/\/www.xn--beling-entrmpelung-w6b.de\/\">Weiterlesen<\/a><\/p>\n","protected":false},"author":1,"featured_media":0,"parent":0,"menu_order":0,"comment_status":"closed","ping_status":"closed","template":"","meta":{"footnotes":""},"class_list":["post-70","page","type-page","status-publish","hentry"],"yoast_head":"<!-- This site is optimized with the Yoast SEO plugin v22.7 - https:\/\/yoast.com\/wordpress\/plugins\/seo\/ -->\n<title>Startseite - Beling Haushaltsaufl\u00f6sungen<\/title>\n<meta name=\"description\" content=\"Rainer Beling Haushaltsaufl\u00f6sung Nord, Haushaltsaufl\u00f6sungen, Seniorenumz\u00fcge, Entr\u00fcmpelungen, Sperrm\u00fcll, Endreinigung, Norddeutschland, Hamburg, zum Festpreis, kostenlose Besichtigung.\" \/>\n<meta name=\"robots\" content=\"index, follow, max-snippet:-1, max-image-preview:large, max-video-preview:-1\" \/>\n<link rel=\"canonical\" href=\"https:\/\/www.xn--beling-entrmpelung-w6b.de\/\" \/>\n<meta property=\"og:locale\" content=\"de_DE\" \/>\n<meta property=\"og:type\" content=\"article\" \/>\n<meta property=\"og:title\" content=\"Startseite - Beling Haushaltsaufl\u00f6sungen\" \/>\n<meta property=\"og:description\" content=\"Rainer Beling Haushaltsaufl\u00f6sung Nord, Haushaltsaufl\u00f6sungen, Seniorenumz\u00fcge, Entr\u00fcmpelungen, Sperrm\u00fcll, Endreinigung, Norddeutschland, Hamburg, zum Festpreis, kostenlose Besichtigung.\" \/>\n<meta property=\"og:url\" content=\"https:\/\/www.xn--beling-entrmpelung-w6b.de\/\" \/>\n<meta property=\"og:site_name\" content=\"Beling Haushaltsaufl\u00f6sungen\" \/>\n<meta property=\"article:modified_time\" content=\"2021-01-31T19:51:56+00:00\" \/>\n<meta name=\"twitter:card\" content=\"summary_large_image\" \/>\n<meta name=\"twitter:label1\" content=\"Gesch\u00e4tzte Lesezeit\" \/>\n\t<meta name=\"twitter:data1\" content=\"2\u00a0Minuten\" \/>\n<script type=\"application\/ld+json\" class=\"yoast-schema-graph\">{\"@context\":\"https:\/\/schema.org\",\"@graph\":[{\"@type\":\"WebPage\",\"@id\":\"https:\/\/www.xn--beling-entrmpelung-w6b.de\/\",\"url\":\"https:\/\/www.xn--beling-entrmpelung-w6b.de\/\",\"name\":\"Startseite - Beling Haushaltsaufl\u00f6sungen\",\"isPartOf\":{\"@id\":\"https:\/\/www.xn--beling-entrmpelung-w6b.de\/#website\"},\"datePublished\":\"2017-12-02T16:27:06+00:00\",\"dateModified\":\"2021-01-31T19:51:56+00:00\",\"description\":\"Rainer Beling Haushaltsaufl\u00f6sung Nord, Haushaltsaufl\u00f6sungen, Seniorenumz\u00fcge, Entr\u00fcmpelungen, Sperrm\u00fcll, Endreinigung, Norddeutschland, Hamburg, zum Festpreis, kostenlose Besichtigung.\",\"breadcrumb\":{\"@id\":\"https:\/\/www.xn--beling-entrmpelung-w6b.de\/#breadcrumb\"},\"inLanguage\":\"de\",\"potentialAction\":[{\"@type\":\"ReadAction\",\"target\":[\"https:\/\/www.xn--beling-entrmpelung-w6b.de\/\"]}]},{\"@type\":\"BreadcrumbList\",\"@id\":\"https:\/\/www.xn--beling-entrmpelung-w6b.de\/#breadcrumb\",\"itemListElement\":[{\"@type\":\"ListItem\",\"position\":1,\"name\":\"Home\",\"item\":\"https:\/\/www.xn--beling-entrmpelung-w6b.de\/\"},{\"@type\":\"ListItem\",\"position\":2,\"name\":\"Startseite\"}]},{\"@type\":\"WebSite\",\"@id\":\"https:\/\/www.xn--beling-entrmpelung-w6b.de\/#website\",\"url\":\"https:\/\/www.xn--beling-entrmpelung-w6b.de\/\",\"name\":\"Beling Haushaltsaufl\u00f6sungen\",\"description\":\"\",\"potentialAction\":[{\"@type\":\"SearchAction\",\"target\":{\"@type\":\"EntryPoint\",\"urlTemplate\":\"https:\/\/www.xn--beling-entrmpelung-w6b.de\/?s={search_term_string}\"},\"query-input\":\"required name=search_term_string\"}],\"inLanguage\":\"de\"}]}<\/script>\n<!-- \/ Yoast SEO plugin. -->","yoast_head_json":{"title":"Startseite - Beling Haushaltsaufl\u00f6sungen","description":"Rainer Beling Haushaltsaufl\u00f6sung Nord, Haushaltsaufl\u00f6sungen, Seniorenumz\u00fcge, Entr\u00fcmpelungen, Sperrm\u00fcll, Endreinigung, Norddeutschland, Hamburg, zum Festpreis, kostenlose Besichtigung.","robots":{"index":"index","follow":"follow","max-snippet":"max-snippet:-1","max-image-preview":"max-image-preview:large","max-video-preview":"max-video-preview:-1"},"canonical":"https:\/\/www.xn--beling-entrmpelung-w6b.de\/","og_locale":"de_DE","og_type":"article","og_title":"Startseite - Beling Haushaltsaufl\u00f6sungen","og_description":"Rainer Beling Haushaltsaufl\u00f6sung Nord, Haushaltsaufl\u00f6sungen, Seniorenumz\u00fcge, Entr\u00fcmpelungen, Sperrm\u00fcll, Endreinigung, Norddeutschland, Hamburg, zum Festpreis, kostenlose Besichtigung.","og_url":"https:\/\/www.xn--beling-entrmpelung-w6b.de\/","og_site_name":"Beling Haushaltsaufl\u00f6sungen","article_modified_time":"2021-01-31T19:51:56+00:00","twitter_card":"summary_large_image","twitter_misc":{"Gesch\u00e4tzte Lesezeit":"2\u00a0Minuten"},"schema":{"@context":"https:\/\/schema.org","@graph":[{"@type":"WebPage","@id":"https:\/\/www.xn--beling-entrmpelung-w6b.de\/","url":"https:\/\/www.xn--beling-entrmpelung-w6b.de\/","name":"Startseite - Beling Haushaltsaufl\u00f6sungen","isPartOf":{"@id":"https:\/\/www.xn--beling-entrmpelung-w6b.de\/#website"},"datePublished":"2017-12-02T16:27:06+00:00","dateModified":"2021-01-31T19:51:56+00:00","description":"Rainer Beling Haushaltsaufl\u00f6sung Nord, Haushaltsaufl\u00f6sungen, Seniorenumz\u00fcge, Entr\u00fcmpelungen, Sperrm\u00fcll, Endreinigung, Norddeutschland, Hamburg, zum Festpreis, kostenlose Besichtigung.","breadcrumb":{"@id":"https:\/\/www.xn--beling-entrmpelung-w6b.de\/#breadcrumb"},"inLanguage":"de","potentialAction":[{"@type":"ReadAction","target":["https:\/\/www.xn--beling-entrmpelung-w6b.de\/"]}]},{"@type":"BreadcrumbList","@id":"https:\/\/www.xn--beling-entrmpelung-w6b.de\/#breadcrumb","itemListElement":[{"@type":"ListItem","position":1,"name":"Home","item":"https:\/\/www.xn--beling-entrmpelung-w6b.de\/"},{"@type":"ListItem","position":2,"name":"Startseite"}]},{"@type":"WebSite","@id":"https:\/\/www.xn--beling-entrmpelung-w6b.de\/#website","url":"https:\/\/www.xn--beling-entrmpelung-w6b.de\/","name":"Beling Haushaltsaufl\u00f6sungen","description":"","potentialAction":[{"@type":"SearchAction","target":{"@type":"EntryPoint","urlTemplate":"https:\/\/www.xn--beling-entrmpelung-w6b.de\/?s={search_term_string}"},"query-input":"required name=search_term_string"}],"inLanguage":"de"}]}},"_links":{"self":[{"href":"https:\/\/www.xn--beling-entrmpelung-w6b.de\/index.php\/wp-json\/wp\/v2\/pages\/70","targetHints":{"allow":["GET"]}}],"collection":[{"href":"https:\/\/www.xn--beling-entrmpelung-w6b.de\/index.php\/wp-json\/wp\/v2\/pages"}],"about":[{"href":"https:\/\/www.xn--beling-entrmpelung-w6b.de\/index.php\/wp-json\/wp\/v2\/types\/page"}],"author":[{"embeddable":true,"href":"https:\/\/www.xn--beling-entrmpelung-w6b.de\/index.php\/wp-json\/wp\/v2\/users\/1"}],"replies":[{"embeddable":true,"href":"https:\/\/www.xn--beling-entrmpelung-w6b.de\/index.php\/wp-json\/wp\/v2\/comments?post=70"}],"version-history":[{"count":3,"href":"https:\/\/www.xn--beling-entrmpelung-w6b.de\/index.php\/wp-json\/wp\/v2\/pages\/70\/revisions"}],"predecessor-version":[{"id":132,"href":"https:\/\/www.xn--beling-entrmpelung-w6b.de\/index.php\/wp-json\/wp\/v2\/pages\/70\/revisions\/132"}],"wp:attachment":[{"href":"https:\/\/www.xn--beling-entrmpelung-w6b.de\/index.php\/wp-json\/wp\/v2\/media?parent=70"}],"curies":[{"name":"wp","href":"https:\/\/api.w.org\/{rel}","templated":true}]}}