{"id":71,"date":"2017-12-02T16:27:52","date_gmt":"2017-12-02T16:27:52","guid":{"rendered":"https:\/\/www.xn--haushaltsauflsungnord-tec.de\/?page_id=11"},"modified":"2021-01-31T19:48:33","modified_gmt":"2021-01-31T19:48:33","slug":"leistungen","status":"publish","type":"page","link":"https:\/\/www.xn--beling-entrmpelung-w6b.de\/index.php\/leistungen\/","title":{"rendered":"Leistungen"},"content":{"rendered":"<h1>Unsere Leistungen<\/h1>\n<div>\n<p><strong>Haushaltsaufl\u00f6sungen:<\/strong><br \/>Uns ist jeder Auftrag willkommen, ob gro\u00df oder klein unser Team arbeitet kompetent und zuverl\u00e4ssig. Sie rufen uns an, wir vereinbaren eine kostenlose Wohnungsbesichtigung (Gro\u00dfraum Hamburg), wir machen Ihnen ein g\u00fcnstiges Angebot. Stimmt das Preis- Leistungsverh\u00e4ltnis, ist auch eine kurzfristige Auftragsausf\u00fchrung m\u00f6glich.\u00a0Die \u00dcbergabe erfolgt\u00a0besenrein.<br \/><b><br \/>Betriebsaufl\u00f6sungen:<\/b><b><br \/><\/b>Wir \u00fcbernehmen gern Ihre Betriebsaufl\u00f6sung im Gro\u00dfraum Hamburg!\u00a0Firmenaufl\u00f6sungen, Gesch\u00e4ftsaufl\u00f6sung, R\u00e4umung von B\u00fcror\u00e4umen, Praxisaufl\u00f6sung.\u00a0Auch R\u00fcckbau und Demontagen. Aktenvernichtung. Mit Wertanrechnung.<br \/><strong><br \/><\/strong><strong>R\u00e4umungen &amp; Entr\u00fcmpelungen:<\/strong><br \/>Wir entr\u00fcmpeln alles: vom Dachboden bis\u00a0zum Keller, einzelne R\u00e4ume bis hin zur\u00a0kompletten Wohnung. Fachgerechte Entsorgung bzw. Wertanrechnung von ver\u00e4u\u00dferbaren Gegenst\u00e4nden.<\/p>\n<p><strong>Nachlassaufl\u00f6sungen:<\/strong><br \/>Erfolgen bei uns nat\u00fcrlich diskret und piet\u00e4tvoll.<\/p>\n<p><strong>Kleintransporte &amp; Seniorenumz\u00fcge:<\/strong><br \/>Wir transportieren f\u00fcr Sie M\u00f6bel, Hausrat aller Art und div. Elektroger\u00e4te,\u00a0bis hin zum kleinen Umzug f\u00fchren\u00a0wir alle anfallenden Transporte aus.<\/p>\n<p>Kostenlose Besichtigung,<br \/>ohne An- und Abfahrtskosten.<\/p>\n<p><strong>G\u00fcnstige Festpreise!<\/strong><br \/>Wir machen Ihnen gern ein Angebot. Rufen Sie uns an!<\/p>\n<\/div>\n\n\n<p><\/p>\n\n\n\n<p><strong>Gerne m\u00f6chten Wir Ihnen zeigen wie Wir arbeiten, f\u00fcr diesen Zweck haben Wir Ihnen einige Beispiele zusammengestellt.<\/strong><\/p>\n\n\n\n<p><strong>R\u00e4umung eines Balkons:<\/strong><\/p>\n\n\n<div id=\"s201_slides-1-1\" class=\"s201_slides s201_slides-1\" data-s201=\"{&quot;vertical&quot;:0,&quot;sliding_behavior&quot;:&quot;drag&quot;}\">\r\n\t\t<div class=\"s201_holder s201_slide_active\" data-part=\"holder\">\r\n\t\t\t<img decoding=\"async\" src=\"https:\/\/www.xn--beling-entrmpelung-w6b.de\/wp-content\/uploads\/2020\/12\/PHOTO-2020-10-23-03-11-43-4.jpg\" srcset=\"https:\/\/www.xn--beling-entrmpelung-w6b.de\/wp-content\/uploads\/2020\/12\/PHOTO-2020-10-23-03-11-43-4-300x225.jpg 300w, https:\/\/www.xn--beling-entrmpelung-w6b.de\/wp-content\/uploads\/2020\/12\/PHOTO-2020-10-23-03-11-43-4-768x576.jpg 768w, https:\/\/www.xn--beling-entrmpelung-w6b.de\/wp-content\/uploads\/2020\/12\/PHOTO-2020-10-23-03-11-43-4-800x600.jpg 800w, https:\/\/www.xn--beling-entrmpelung-w6b.de\/wp-content\/uploads\/2020\/12\/PHOTO-2020-10-23-03-11-43-4-400x300.jpg 400w, https:\/\/www.xn--beling-entrmpelung-w6b.de\/wp-content\/uploads\/2020\/12\/PHOTO-2020-10-23-03-11-43-4.jpg 1024w\" sizes=\"(max-width: 1024px) 100vw, 1024px\" alt=\"Vorher\" class=\"s201_img_holder s201_noselect\"\/><div class=\"s201_item_img s201_noselect\"><div class=\"s201_overlay_img\" style=\"background-image:url('https:\/\/www.xn--beling-entrmpelung-w6b.de\/wp-content\/uploads\/2020\/12\/PHOTO-2020-10-23-03-11-43-4.jpg')\"><img decoding=\"async\" src=\"https:\/\/www.xn--beling-entrmpelung-w6b.de\/wp-content\/uploads\/2020\/12\/PHOTO-2020-10-23-03-11-43-4.jpg\" srcset=\"https:\/\/www.xn--beling-entrmpelung-w6b.de\/wp-content\/uploads\/2020\/12\/PHOTO-2020-10-23-03-11-43-4-300x225.jpg 300w, https:\/\/www.xn--beling-entrmpelung-w6b.de\/wp-content\/uploads\/2020\/12\/PHOTO-2020-10-23-03-11-43-4-768x576.jpg 768w, https:\/\/www.xn--beling-entrmpelung-w6b.de\/wp-content\/uploads\/2020\/12\/PHOTO-2020-10-23-03-11-43-4-800x600.jpg 800w, https:\/\/www.xn--beling-entrmpelung-w6b.de\/wp-content\/uploads\/2020\/12\/PHOTO-2020-10-23-03-11-43-4-400x300.jpg 400w, https:\/\/www.xn--beling-entrmpelung-w6b.de\/wp-content\/uploads\/2020\/12\/PHOTO-2020-10-23-03-11-43-4.jpg 1024w\" sizes=\"(max-width: 1024px) 100vw, 1024px\" alt=\"Vorher\" class=\"s201_noselect\"\/><\/div><div class=\"s201_label_text s201_noselect\" data-part=\"label\">Vorher<\/div><\/div><div class=\"s201_item_img s201_noselect\" style=\"width:50%;\"><div class=\"s201_overlay_img\" style=\"background-image:url('https:\/\/www.xn--beling-entrmpelung-w6b.de\/wp-content\/uploads\/2020\/12\/PHOTO-2020-10-23-03-11-43.jpg')\"><img decoding=\"async\" src=\"https:\/\/www.xn--beling-entrmpelung-w6b.de\/wp-content\/uploads\/2020\/12\/PHOTO-2020-10-23-03-11-43.jpg\" srcset=\"https:\/\/www.xn--beling-entrmpelung-w6b.de\/wp-content\/uploads\/2020\/12\/PHOTO-2020-10-23-03-11-43-225x300.jpg 225w, https:\/\/www.xn--beling-entrmpelung-w6b.de\/wp-content\/uploads\/2020\/12\/PHOTO-2020-10-23-03-11-43.jpg 768w\" sizes=\"(max-width: 768px) 100vw, 768px\" alt=\"Nachher\" class=\"s201_noselect\"\/><\/div><div class=\"s201_label_text s201_noselect\" data-part=\"label\">Nachher<\/div>\r\n\t\t\t\t\t\t\t<div class=\"s201_slider s201_style_1\" style=\"top:50%;\"><div class=\"s201_top_line\"><\/div><div class=\"s201_handle\"><div class=\"s201_left_arrow\"><\/div><div class=\"s201_right_arrow\"><\/div><\/div><div class=\"s201_bottom_line\"><\/div><\/div>\r\n\t\t\t\t\t\t<\/div>\t\t\t\t\t<\/div>\r\n\t\t<\/div>\n\n\n\n<p><strong>R\u00e4umung einer K\u00fcche besenrein:<\/strong><\/p>\n\n\n<div id=\"s201_slides-2-1\" class=\"s201_slides s201_slides-2\" data-s201=\"{&quot;vertical&quot;:0,&quot;sliding_behavior&quot;:&quot;drag&quot;}\">\r\n\t\t<div class=\"s201_holder s201_slide_active\" data-part=\"holder\">\r\n\t\t\t<img decoding=\"async\" src=\"https:\/\/www.xn--beling-entrmpelung-w6b.de\/wp-content\/uploads\/2020\/12\/fd669c9c-da87-4e52-a1b6-bf85fee1d1dc.jpg\" srcset=\"https:\/\/www.xn--beling-entrmpelung-w6b.de\/wp-content\/uploads\/2020\/12\/fd669c9c-da87-4e52-a1b6-bf85fee1d1dc-225x300.jpg 225w, https:\/\/www.xn--beling-entrmpelung-w6b.de\/wp-content\/uploads\/2020\/12\/fd669c9c-da87-4e52-a1b6-bf85fee1d1dc.jpg 768w\" sizes=\"(max-width: 768px) 100vw, 768px\" alt=\"Vorher\" class=\"s201_img_holder s201_noselect\"\/><div class=\"s201_item_img s201_noselect\"><div class=\"s201_overlay_img\" style=\"background-image:url('https:\/\/www.xn--beling-entrmpelung-w6b.de\/wp-content\/uploads\/2020\/12\/fd669c9c-da87-4e52-a1b6-bf85fee1d1dc.jpg')\"><img decoding=\"async\" src=\"https:\/\/www.xn--beling-entrmpelung-w6b.de\/wp-content\/uploads\/2020\/12\/fd669c9c-da87-4e52-a1b6-bf85fee1d1dc.jpg\" srcset=\"https:\/\/www.xn--beling-entrmpelung-w6b.de\/wp-content\/uploads\/2020\/12\/fd669c9c-da87-4e52-a1b6-bf85fee1d1dc-225x300.jpg 225w, https:\/\/www.xn--beling-entrmpelung-w6b.de\/wp-content\/uploads\/2020\/12\/fd669c9c-da87-4e52-a1b6-bf85fee1d1dc.jpg 768w\" sizes=\"(max-width: 768px) 100vw, 768px\" alt=\"Vorher\" class=\"s201_noselect\"\/><\/div><div class=\"s201_label_text s201_noselect\" data-part=\"label\">Vorher<\/div><\/div><div class=\"s201_item_img s201_noselect\" style=\"width:50%;\"><div class=\"s201_overlay_img\" style=\"background-image:url('https:\/\/www.xn--beling-entrmpelung-w6b.de\/wp-content\/uploads\/2020\/12\/9e50f2b5-8ce0-463f-90fd-e443455423fe.jpg')\"><img decoding=\"async\" src=\"https:\/\/www.xn--beling-entrmpelung-w6b.de\/wp-content\/uploads\/2020\/12\/9e50f2b5-8ce0-463f-90fd-e443455423fe.jpg\" srcset=\"https:\/\/www.xn--beling-entrmpelung-w6b.de\/wp-content\/uploads\/2020\/12\/9e50f2b5-8ce0-463f-90fd-e443455423fe-225x300.jpg 225w, https:\/\/www.xn--beling-entrmpelung-w6b.de\/wp-content\/uploads\/2020\/12\/9e50f2b5-8ce0-463f-90fd-e443455423fe.jpg 768w\" sizes=\"(max-width: 768px) 100vw, 768px\" alt=\"Nachher\" class=\"s201_noselect\"\/><\/div><div class=\"s201_label_text s201_noselect\" data-part=\"label\">Nachher<\/div>\r\n\t\t\t\t\t\t\t<div class=\"s201_slider s201_style_1\" style=\"top:50%;\"><div class=\"s201_top_line\"><\/div><div class=\"s201_handle\"><div class=\"s201_left_arrow\"><\/div><div class=\"s201_right_arrow\"><\/div><\/div><div class=\"s201_bottom_line\"><\/div><\/div>\r\n\t\t\t\t\t\t<\/div>\t\t\t\t\t<\/div>\r\n\t\t<\/div>\n","protected":false},"excerpt":{"rendered":"<p>Unsere Leistungen Haushaltsaufl\u00f6sungen:Uns ist jeder Auftrag willkommen, ob gro\u00df oder klein unser Team arbeitet kompetent und zuverl\u00e4ssig. Sie rufen uns an, wir vereinbaren eine kostenlose Wohnungsbesichtigung (Gro\u00dfraum Hamburg), wir machen Ihnen ein g\u00fcnstiges Angebot. Stimmt das Preis- Leistungsverh\u00e4ltnis, ist auch eine kurzfristige Auftragsausf\u00fchrung m\u00f6glich.\u00a0Die \u00dcbergabe erfolgt\u00a0besenrein.Betriebsaufl\u00f6sungen:Wir \u00fcbernehmen gern Ihre Betriebsaufl\u00f6sung im Gro\u00dfraum Hamburg!\u00a0Firmenaufl\u00f6sungen, Gesch\u00e4ftsaufl\u00f6sung, R\u00e4umung von B\u00fcror\u00e4umen, Praxisaufl\u00f6sung.\u00a0Auch R\u00fcckbau und<\/p>\n<p><a class=\"more-link\" href=\"https:\/\/www.xn--beling-entrmpelung-w6b.de\/index.php\/leistungen\/\">Weiterlesen<\/a><\/p>\n","protected":false},"author":1,"featured_media":0,"parent":0,"menu_order":0,"comment_status":"closed","ping_status":"closed","template":"","meta":{"footnotes":""},"class_list":["post-71","page","type-page","status-publish","hentry"],"yoast_head":"<!-- This site is optimized with the Yoast SEO plugin v22.7 - https:\/\/yoast.com\/wordpress\/plugins\/seo\/ -->\n<title>Leistungen - Beling Haushaltsaufl\u00f6sungen<\/title>\n<meta name=\"description\" content=\"Haushaltsaufl\u00f6sungen, Seniorenumz\u00fcge, Joachim Pietsch, Rainer Beling, klein Transporte\" \/>\n<meta name=\"robots\" content=\"index, follow, max-snippet:-1, max-image-preview:large, max-video-preview:-1\" \/>\n<link rel=\"canonical\" href=\"https:\/\/www.xn--beling-entrmpelung-w6b.de\/index.php\/leistungen\/\" \/>\n<meta property=\"og:locale\" content=\"de_DE\" \/>\n<meta property=\"og:type\" content=\"article\" \/>\n<meta property=\"og:title\" content=\"Leistungen - Beling Haushaltsaufl\u00f6sungen\" \/>\n<meta property=\"og:description\" content=\"Haushaltsaufl\u00f6sungen, Seniorenumz\u00fcge, Joachim Pietsch, Rainer Beling, klein Transporte\" \/>\n<meta property=\"og:url\" content=\"https:\/\/www.xn--beling-entrmpelung-w6b.de\/index.php\/leistungen\/\" \/>\n<meta property=\"og:site_name\" content=\"Beling Haushaltsaufl\u00f6sungen\" \/>\n<meta property=\"article:modified_time\" content=\"2021-01-31T19:48:33+00:00\" \/>\n<meta name=\"twitter:card\" content=\"summary_large_image\" \/>\n<meta name=\"twitter:label1\" content=\"Gesch\u00e4tzte Lesezeit\" \/>\n\t<meta name=\"twitter:data1\" content=\"1\u00a0Minute\" \/>\n<script type=\"application\/ld+json\" class=\"yoast-schema-graph\">{\"@context\":\"https:\/\/schema.org\",\"@graph\":[{\"@type\":\"WebPage\",\"@id\":\"https:\/\/www.xn--beling-entrmpelung-w6b.de\/index.php\/leistungen\/\",\"url\":\"https:\/\/www.xn--beling-entrmpelung-w6b.de\/index.php\/leistungen\/\",\"name\":\"Leistungen - Beling Haushaltsaufl\u00f6sungen\",\"isPartOf\":{\"@id\":\"https:\/\/www.xn--beling-entrmpelung-w6b.de\/#website\"},\"datePublished\":\"2017-12-02T16:27:52+00:00\",\"dateModified\":\"2021-01-31T19:48:33+00:00\",\"description\":\"Haushaltsaufl\u00f6sungen, Seniorenumz\u00fcge, Joachim Pietsch, Rainer Beling, klein Transporte\",\"breadcrumb\":{\"@id\":\"https:\/\/www.xn--beling-entrmpelung-w6b.de\/index.php\/leistungen\/#breadcrumb\"},\"inLanguage\":\"de\",\"potentialAction\":[{\"@type\":\"ReadAction\",\"target\":[\"https:\/\/www.xn--beling-entrmpelung-w6b.de\/index.php\/leistungen\/\"]}]},{\"@type\":\"BreadcrumbList\",\"@id\":\"https:\/\/www.xn--beling-entrmpelung-w6b.de\/index.php\/leistungen\/#breadcrumb\",\"itemListElement\":[{\"@type\":\"ListItem\",\"position\":1,\"name\":\"Home\",\"item\":\"https:\/\/www.xn--beling-entrmpelung-w6b.de\/\"},{\"@type\":\"ListItem\",\"position\":2,\"name\":\"Leistungen\"}]},{\"@type\":\"WebSite\",\"@id\":\"https:\/\/www.xn--beling-entrmpelung-w6b.de\/#website\",\"url\":\"https:\/\/www.xn--beling-entrmpelung-w6b.de\/\",\"name\":\"Beling Haushaltsaufl\u00f6sungen\",\"description\":\"\",\"potentialAction\":[{\"@type\":\"SearchAction\",\"target\":{\"@type\":\"EntryPoint\",\"urlTemplate\":\"https:\/\/www.xn--beling-entrmpelung-w6b.de\/?s={search_term_string}\"},\"query-input\":\"required name=search_term_string\"}],\"inLanguage\":\"de\"}]}<\/script>\n<!-- \/ Yoast SEO plugin. -->","yoast_head_json":{"title":"Leistungen - Beling Haushaltsaufl\u00f6sungen","description":"Haushaltsaufl\u00f6sungen, Seniorenumz\u00fcge, Joachim Pietsch, Rainer Beling, klein Transporte","robots":{"index":"index","follow":"follow","max-snippet":"max-snippet:-1","max-image-preview":"max-image-preview:large","max-video-preview":"max-video-preview:-1"},"canonical":"https:\/\/www.xn--beling-entrmpelung-w6b.de\/index.php\/leistungen\/","og_locale":"de_DE","og_type":"article","og_title":"Leistungen - Beling Haushaltsaufl\u00f6sungen","og_description":"Haushaltsaufl\u00f6sungen, Seniorenumz\u00fcge, Joachim Pietsch, Rainer Beling, klein Transporte","og_url":"https:\/\/www.xn--beling-entrmpelung-w6b.de\/index.php\/leistungen\/","og_site_name":"Beling Haushaltsaufl\u00f6sungen","article_modified_time":"2021-01-31T19:48:33+00:00","twitter_card":"summary_large_image","twitter_misc":{"Gesch\u00e4tzte Lesezeit":"1\u00a0Minute"},"schema":{"@context":"https:\/\/schema.org","@graph":[{"@type":"WebPage","@id":"https:\/\/www.xn--beling-entrmpelung-w6b.de\/index.php\/leistungen\/","url":"https:\/\/www.xn--beling-entrmpelung-w6b.de\/index.php\/leistungen\/","name":"Leistungen - Beling Haushaltsaufl\u00f6sungen","isPartOf":{"@id":"https:\/\/www.xn--beling-entrmpelung-w6b.de\/#website"},"datePublished":"2017-12-02T16:27:52+00:00","dateModified":"2021-01-31T19:48:33+00:00","description":"Haushaltsaufl\u00f6sungen, Seniorenumz\u00fcge, Joachim Pietsch, Rainer Beling, klein Transporte","breadcrumb":{"@id":"https:\/\/www.xn--beling-entrmpelung-w6b.de\/index.php\/leistungen\/#breadcrumb"},"inLanguage":"de","potentialAction":[{"@type":"ReadAction","target":["https:\/\/www.xn--beling-entrmpelung-w6b.de\/index.php\/leistungen\/"]}]},{"@type":"BreadcrumbList","@id":"https:\/\/www.xn--beling-entrmpelung-w6b.de\/index.php\/leistungen\/#breadcrumb","itemListElement":[{"@type":"ListItem","position":1,"name":"Home","item":"https:\/\/www.xn--beling-entrmpelung-w6b.de\/"},{"@type":"ListItem","position":2,"name":"Leistungen"}]},{"@type":"WebSite","@id":"https:\/\/www.xn--beling-entrmpelung-w6b.de\/#website","url":"https:\/\/www.xn--beling-entrmpelung-w6b.de\/","name":"Beling Haushaltsaufl\u00f6sungen","description":"","potentialAction":[{"@type":"SearchAction","target":{"@type":"EntryPoint","urlTemplate":"https:\/\/www.xn--beling-entrmpelung-w6b.de\/?s={search_term_string}"},"query-input":"required name=search_term_string"}],"inLanguage":"de"}]}},"_links":{"self":[{"href":"https:\/\/www.xn--beling-entrmpelung-w6b.de\/index.php\/wp-json\/wp\/v2\/pages\/71","targetHints":{"allow":["GET"]}}],"collection":[{"href":"https:\/\/www.xn--beling-entrmpelung-w6b.de\/index.php\/wp-json\/wp\/v2\/pages"}],"about":[{"href":"https:\/\/www.xn--beling-entrmpelung-w6b.de\/index.php\/wp-json\/wp\/v2\/types\/page"}],"author":[{"embeddable":true,"href":"https:\/\/www.xn--beling-entrmpelung-w6b.de\/index.php\/wp-json\/wp\/v2\/users\/1"}],"replies":[{"embeddable":true,"href":"https:\/\/www.xn--beling-entrmpelung-w6b.de\/index.php\/wp-json\/wp\/v2\/comments?post=71"}],"version-history":[{"count":4,"href":"https:\/\/www.xn--beling-entrmpelung-w6b.de\/index.php\/wp-json\/wp\/v2\/pages\/71\/revisions"}],"predecessor-version":[{"id":130,"href":"https:\/\/www.xn--beling-entrmpelung-w6b.de\/index.php\/wp-json\/wp\/v2\/pages\/71\/revisions\/130"}],"wp:attachment":[{"href":"https:\/\/www.xn--beling-entrmpelung-w6b.de\/index.php\/wp-json\/wp\/v2\/media?parent=71"}],"curies":[{"name":"wp","href":"https:\/\/api.w.org\/{rel}","templated":true}]}}