{"id":95,"date":"2020-12-13T18:07:54","date_gmt":"2020-12-13T18:07:54","guid":{"rendered":"https:\/\/beling.dev-bigint.de\/?page_id=95"},"modified":"2020-12-13T18:07:55","modified_gmt":"2020-12-13T18:07:55","slug":"leistung-im-detail","status":"publish","type":"page","link":"https:\/\/www.xn--beling-entrmpelung-w6b.de\/index.php\/leistung-im-detail\/","title":{"rendered":"Leistung im Detail"},"content":{"rendered":"\n<p>Gerne m\u00f6chten Wir Ihnen zeigen wie Wir arbeiten, f\u00fcr diesen Zweck haben Wir Ihnen einige Beispiele zusammengestellt.<\/p>\n\n\n\n<p><strong>R\u00e4umung eines Balkons:<\/strong><\/p>\n\n\n<div id=\"s201_slides-1-1\" class=\"s201_slides s201_slides-1\" data-s201=\"{&quot;vertical&quot;:0,&quot;sliding_behavior&quot;:&quot;drag&quot;}\">\r\n\t\t<div class=\"s201_holder s201_slide_active\" data-part=\"holder\">\r\n\t\t\t<img decoding=\"async\" src=\"https:\/\/www.xn--beling-entrmpelung-w6b.de\/wp-content\/uploads\/2020\/12\/PHOTO-2020-10-23-03-11-43-4.jpg\" srcset=\"https:\/\/www.xn--beling-entrmpelung-w6b.de\/wp-content\/uploads\/2020\/12\/PHOTO-2020-10-23-03-11-43-4-300x225.jpg 300w, https:\/\/www.xn--beling-entrmpelung-w6b.de\/wp-content\/uploads\/2020\/12\/PHOTO-2020-10-23-03-11-43-4-768x576.jpg 768w, https:\/\/www.xn--beling-entrmpelung-w6b.de\/wp-content\/uploads\/2020\/12\/PHOTO-2020-10-23-03-11-43-4-800x600.jpg 800w, https:\/\/www.xn--beling-entrmpelung-w6b.de\/wp-content\/uploads\/2020\/12\/PHOTO-2020-10-23-03-11-43-4-400x300.jpg 400w, https:\/\/www.xn--beling-entrmpelung-w6b.de\/wp-content\/uploads\/2020\/12\/PHOTO-2020-10-23-03-11-43-4.jpg 1024w\" sizes=\"(max-width: 1024px) 100vw, 1024px\" alt=\"Vorher\" class=\"s201_img_holder s201_noselect\"\/><div class=\"s201_item_img s201_noselect\"><div class=\"s201_overlay_img\" style=\"background-image:url('https:\/\/www.xn--beling-entrmpelung-w6b.de\/wp-content\/uploads\/2020\/12\/PHOTO-2020-10-23-03-11-43-4.jpg')\"><img decoding=\"async\" src=\"https:\/\/www.xn--beling-entrmpelung-w6b.de\/wp-content\/uploads\/2020\/12\/PHOTO-2020-10-23-03-11-43-4.jpg\" srcset=\"https:\/\/www.xn--beling-entrmpelung-w6b.de\/wp-content\/uploads\/2020\/12\/PHOTO-2020-10-23-03-11-43-4-300x225.jpg 300w, https:\/\/www.xn--beling-entrmpelung-w6b.de\/wp-content\/uploads\/2020\/12\/PHOTO-2020-10-23-03-11-43-4-768x576.jpg 768w, https:\/\/www.xn--beling-entrmpelung-w6b.de\/wp-content\/uploads\/2020\/12\/PHOTO-2020-10-23-03-11-43-4-800x600.jpg 800w, https:\/\/www.xn--beling-entrmpelung-w6b.de\/wp-content\/uploads\/2020\/12\/PHOTO-2020-10-23-03-11-43-4-400x300.jpg 400w, https:\/\/www.xn--beling-entrmpelung-w6b.de\/wp-content\/uploads\/2020\/12\/PHOTO-2020-10-23-03-11-43-4.jpg 1024w\" sizes=\"(max-width: 1024px) 100vw, 1024px\" alt=\"Vorher\" class=\"s201_noselect\"\/><\/div><div class=\"s201_label_text s201_noselect\" data-part=\"label\">Vorher<\/div><\/div><div class=\"s201_item_img s201_noselect\" style=\"width:50%;\"><div class=\"s201_overlay_img\" style=\"background-image:url('https:\/\/www.xn--beling-entrmpelung-w6b.de\/wp-content\/uploads\/2020\/12\/PHOTO-2020-10-23-03-11-43.jpg')\"><img decoding=\"async\" src=\"https:\/\/www.xn--beling-entrmpelung-w6b.de\/wp-content\/uploads\/2020\/12\/PHOTO-2020-10-23-03-11-43.jpg\" srcset=\"https:\/\/www.xn--beling-entrmpelung-w6b.de\/wp-content\/uploads\/2020\/12\/PHOTO-2020-10-23-03-11-43-225x300.jpg 225w, https:\/\/www.xn--beling-entrmpelung-w6b.de\/wp-content\/uploads\/2020\/12\/PHOTO-2020-10-23-03-11-43.jpg 768w\" sizes=\"(max-width: 768px) 100vw, 768px\" alt=\"Nachher\" class=\"s201_noselect\"\/><\/div><div class=\"s201_label_text s201_noselect\" data-part=\"label\">Nachher<\/div>\r\n\t\t\t\t\t\t\t<div class=\"s201_slider s201_style_1\" style=\"top:50%;\"><div class=\"s201_top_line\"><\/div><div class=\"s201_handle\"><div class=\"s201_left_arrow\"><\/div><div class=\"s201_right_arrow\"><\/div><\/div><div class=\"s201_bottom_line\"><\/div><\/div>\r\n\t\t\t\t\t\t<\/div>\t\t\t\t\t<\/div>\r\n\t\t<\/div>\n\n\n\n<p><strong>R\u00e4umung einer K\u00fcche besenrein:<\/strong><\/p>\n\n\n<div id=\"s201_slides-2-1\" class=\"s201_slides s201_slides-2\" data-s201=\"{&quot;vertical&quot;:0,&quot;sliding_behavior&quot;:&quot;drag&quot;}\">\r\n\t\t<div class=\"s201_holder s201_slide_active\" data-part=\"holder\">\r\n\t\t\t<img decoding=\"async\" src=\"https:\/\/www.xn--beling-entrmpelung-w6b.de\/wp-content\/uploads\/2020\/12\/fd669c9c-da87-4e52-a1b6-bf85fee1d1dc.jpg\" srcset=\"https:\/\/www.xn--beling-entrmpelung-w6b.de\/wp-content\/uploads\/2020\/12\/fd669c9c-da87-4e52-a1b6-bf85fee1d1dc-225x300.jpg 225w, https:\/\/www.xn--beling-entrmpelung-w6b.de\/wp-content\/uploads\/2020\/12\/fd669c9c-da87-4e52-a1b6-bf85fee1d1dc.jpg 768w\" sizes=\"(max-width: 768px) 100vw, 768px\" alt=\"Vorher\" class=\"s201_img_holder s201_noselect\"\/><div class=\"s201_item_img s201_noselect\"><div class=\"s201_overlay_img\" style=\"background-image:url('https:\/\/www.xn--beling-entrmpelung-w6b.de\/wp-content\/uploads\/2020\/12\/fd669c9c-da87-4e52-a1b6-bf85fee1d1dc.jpg')\"><img decoding=\"async\" src=\"https:\/\/www.xn--beling-entrmpelung-w6b.de\/wp-content\/uploads\/2020\/12\/fd669c9c-da87-4e52-a1b6-bf85fee1d1dc.jpg\" srcset=\"https:\/\/www.xn--beling-entrmpelung-w6b.de\/wp-content\/uploads\/2020\/12\/fd669c9c-da87-4e52-a1b6-bf85fee1d1dc-225x300.jpg 225w, https:\/\/www.xn--beling-entrmpelung-w6b.de\/wp-content\/uploads\/2020\/12\/fd669c9c-da87-4e52-a1b6-bf85fee1d1dc.jpg 768w\" sizes=\"(max-width: 768px) 100vw, 768px\" alt=\"Vorher\" class=\"s201_noselect\"\/><\/div><div class=\"s201_label_text s201_noselect\" data-part=\"label\">Vorher<\/div><\/div><div class=\"s201_item_img s201_noselect\" style=\"width:50%;\"><div class=\"s201_overlay_img\" style=\"background-image:url('https:\/\/www.xn--beling-entrmpelung-w6b.de\/wp-content\/uploads\/2020\/12\/9e50f2b5-8ce0-463f-90fd-e443455423fe.jpg')\"><img decoding=\"async\" src=\"https:\/\/www.xn--beling-entrmpelung-w6b.de\/wp-content\/uploads\/2020\/12\/9e50f2b5-8ce0-463f-90fd-e443455423fe.jpg\" srcset=\"https:\/\/www.xn--beling-entrmpelung-w6b.de\/wp-content\/uploads\/2020\/12\/9e50f2b5-8ce0-463f-90fd-e443455423fe-225x300.jpg 225w, https:\/\/www.xn--beling-entrmpelung-w6b.de\/wp-content\/uploads\/2020\/12\/9e50f2b5-8ce0-463f-90fd-e443455423fe.jpg 768w\" sizes=\"(max-width: 768px) 100vw, 768px\" alt=\"Nachher\" class=\"s201_noselect\"\/><\/div><div class=\"s201_label_text s201_noselect\" data-part=\"label\">Nachher<\/div>\r\n\t\t\t\t\t\t\t<div class=\"s201_slider s201_style_1\" style=\"top:50%;\"><div class=\"s201_top_line\"><\/div><div class=\"s201_handle\"><div class=\"s201_left_arrow\"><\/div><div class=\"s201_right_arrow\"><\/div><\/div><div class=\"s201_bottom_line\"><\/div><\/div>\r\n\t\t\t\t\t\t<\/div>\t\t\t\t\t<\/div>\r\n\t\t<\/div>\n","protected":false},"excerpt":{"rendered":"<p>Gerne m\u00f6chten Wir Ihnen zeigen wie Wir arbeiten, f\u00fcr diesen Zweck haben Wir Ihnen einige Beispiele zusammengestellt. R\u00e4umung eines Balkons: R\u00e4umung einer K\u00fcche besenrein:<\/p>\n","protected":false},"author":1,"featured_media":0,"parent":0,"menu_order":0,"comment_status":"closed","ping_status":"closed","template":"","meta":{"footnotes":""},"class_list":["post-95","page","type-page","status-publish","hentry"],"yoast_head":"<!-- This site is optimized with the Yoast SEO plugin v22.7 - https:\/\/yoast.com\/wordpress\/plugins\/seo\/ -->\n<title>Leistung im Detail - Beling Haushaltsaufl\u00f6sungen<\/title>\n<meta name=\"robots\" content=\"index, follow, max-snippet:-1, max-image-preview:large, max-video-preview:-1\" \/>\n<link rel=\"canonical\" href=\"https:\/\/www.xn--beling-entrmpelung-w6b.de\/index.php\/leistung-im-detail\/\" \/>\n<meta property=\"og:locale\" content=\"de_DE\" \/>\n<meta property=\"og:type\" content=\"article\" \/>\n<meta property=\"og:title\" content=\"Leistung im Detail - Beling Haushaltsaufl\u00f6sungen\" \/>\n<meta property=\"og:description\" content=\"Gerne m\u00f6chten Wir Ihnen zeigen wie Wir arbeiten, f\u00fcr diesen Zweck haben Wir Ihnen einige Beispiele zusammengestellt. R\u00e4umung eines Balkons: R\u00e4umung einer K\u00fcche besenrein:\" \/>\n<meta property=\"og:url\" content=\"https:\/\/www.xn--beling-entrmpelung-w6b.de\/index.php\/leistung-im-detail\/\" \/>\n<meta property=\"og:site_name\" content=\"Beling Haushaltsaufl\u00f6sungen\" \/>\n<meta property=\"article:modified_time\" content=\"2020-12-13T18:07:55+00:00\" \/>\n<meta name=\"twitter:card\" content=\"summary_large_image\" \/>\n<script type=\"application\/ld+json\" class=\"yoast-schema-graph\">{\"@context\":\"https:\/\/schema.org\",\"@graph\":[{\"@type\":\"WebPage\",\"@id\":\"https:\/\/www.xn--beling-entrmpelung-w6b.de\/index.php\/leistung-im-detail\/\",\"url\":\"https:\/\/www.xn--beling-entrmpelung-w6b.de\/index.php\/leistung-im-detail\/\",\"name\":\"Leistung im Detail - Beling Haushaltsaufl\u00f6sungen\",\"isPartOf\":{\"@id\":\"https:\/\/www.xn--beling-entrmpelung-w6b.de\/#website\"},\"datePublished\":\"2020-12-13T18:07:54+00:00\",\"dateModified\":\"2020-12-13T18:07:55+00:00\",\"breadcrumb\":{\"@id\":\"https:\/\/www.xn--beling-entrmpelung-w6b.de\/index.php\/leistung-im-detail\/#breadcrumb\"},\"inLanguage\":\"de\",\"potentialAction\":[{\"@type\":\"ReadAction\",\"target\":[\"https:\/\/www.xn--beling-entrmpelung-w6b.de\/index.php\/leistung-im-detail\/\"]}]},{\"@type\":\"BreadcrumbList\",\"@id\":\"https:\/\/www.xn--beling-entrmpelung-w6b.de\/index.php\/leistung-im-detail\/#breadcrumb\",\"itemListElement\":[{\"@type\":\"ListItem\",\"position\":1,\"name\":\"Home\",\"item\":\"https:\/\/www.xn--beling-entrmpelung-w6b.de\/\"},{\"@type\":\"ListItem\",\"position\":2,\"name\":\"Leistung im Detail\"}]},{\"@type\":\"WebSite\",\"@id\":\"https:\/\/www.xn--beling-entrmpelung-w6b.de\/#website\",\"url\":\"https:\/\/www.xn--beling-entrmpelung-w6b.de\/\",\"name\":\"Beling Haushaltsaufl\u00f6sungen\",\"description\":\"\",\"potentialAction\":[{\"@type\":\"SearchAction\",\"target\":{\"@type\":\"EntryPoint\",\"urlTemplate\":\"https:\/\/www.xn--beling-entrmpelung-w6b.de\/?s={search_term_string}\"},\"query-input\":\"required name=search_term_string\"}],\"inLanguage\":\"de\"}]}<\/script>\n<!-- \/ Yoast SEO plugin. -->","yoast_head_json":{"title":"Leistung im Detail - Beling Haushaltsaufl\u00f6sungen","robots":{"index":"index","follow":"follow","max-snippet":"max-snippet:-1","max-image-preview":"max-image-preview:large","max-video-preview":"max-video-preview:-1"},"canonical":"https:\/\/www.xn--beling-entrmpelung-w6b.de\/index.php\/leistung-im-detail\/","og_locale":"de_DE","og_type":"article","og_title":"Leistung im Detail - Beling Haushaltsaufl\u00f6sungen","og_description":"Gerne m\u00f6chten Wir Ihnen zeigen wie Wir arbeiten, f\u00fcr diesen Zweck haben Wir Ihnen einige Beispiele zusammengestellt. R\u00e4umung eines Balkons: R\u00e4umung einer K\u00fcche besenrein:","og_url":"https:\/\/www.xn--beling-entrmpelung-w6b.de\/index.php\/leistung-im-detail\/","og_site_name":"Beling Haushaltsaufl\u00f6sungen","article_modified_time":"2020-12-13T18:07:55+00:00","twitter_card":"summary_large_image","schema":{"@context":"https:\/\/schema.org","@graph":[{"@type":"WebPage","@id":"https:\/\/www.xn--beling-entrmpelung-w6b.de\/index.php\/leistung-im-detail\/","url":"https:\/\/www.xn--beling-entrmpelung-w6b.de\/index.php\/leistung-im-detail\/","name":"Leistung im Detail - Beling Haushaltsaufl\u00f6sungen","isPartOf":{"@id":"https:\/\/www.xn--beling-entrmpelung-w6b.de\/#website"},"datePublished":"2020-12-13T18:07:54+00:00","dateModified":"2020-12-13T18:07:55+00:00","breadcrumb":{"@id":"https:\/\/www.xn--beling-entrmpelung-w6b.de\/index.php\/leistung-im-detail\/#breadcrumb"},"inLanguage":"de","potentialAction":[{"@type":"ReadAction","target":["https:\/\/www.xn--beling-entrmpelung-w6b.de\/index.php\/leistung-im-detail\/"]}]},{"@type":"BreadcrumbList","@id":"https:\/\/www.xn--beling-entrmpelung-w6b.de\/index.php\/leistung-im-detail\/#breadcrumb","itemListElement":[{"@type":"ListItem","position":1,"name":"Home","item":"https:\/\/www.xn--beling-entrmpelung-w6b.de\/"},{"@type":"ListItem","position":2,"name":"Leistung im Detail"}]},{"@type":"WebSite","@id":"https:\/\/www.xn--beling-entrmpelung-w6b.de\/#website","url":"https:\/\/www.xn--beling-entrmpelung-w6b.de\/","name":"Beling Haushaltsaufl\u00f6sungen","description":"","potentialAction":[{"@type":"SearchAction","target":{"@type":"EntryPoint","urlTemplate":"https:\/\/www.xn--beling-entrmpelung-w6b.de\/?s={search_term_string}"},"query-input":"required name=search_term_string"}],"inLanguage":"de"}]}},"_links":{"self":[{"href":"https:\/\/www.xn--beling-entrmpelung-w6b.de\/index.php\/wp-json\/wp\/v2\/pages\/95","targetHints":{"allow":["GET"]}}],"collection":[{"href":"https:\/\/www.xn--beling-entrmpelung-w6b.de\/index.php\/wp-json\/wp\/v2\/pages"}],"about":[{"href":"https:\/\/www.xn--beling-entrmpelung-w6b.de\/index.php\/wp-json\/wp\/v2\/types\/page"}],"author":[{"embeddable":true,"href":"https:\/\/www.xn--beling-entrmpelung-w6b.de\/index.php\/wp-json\/wp\/v2\/users\/1"}],"replies":[{"embeddable":true,"href":"https:\/\/www.xn--beling-entrmpelung-w6b.de\/index.php\/wp-json\/wp\/v2\/comments?post=95"}],"version-history":[{"count":3,"href":"https:\/\/www.xn--beling-entrmpelung-w6b.de\/index.php\/wp-json\/wp\/v2\/pages\/95\/revisions"}],"predecessor-version":[{"id":112,"href":"https:\/\/www.xn--beling-entrmpelung-w6b.de\/index.php\/wp-json\/wp\/v2\/pages\/95\/revisions\/112"}],"wp:attachment":[{"href":"https:\/\/www.xn--beling-entrmpelung-w6b.de\/index.php\/wp-json\/wp\/v2\/media?parent=95"}],"curies":[{"name":"wp","href":"https:\/\/api.w.org\/{rel}","templated":true}]}}